{"id":10,"date":"2024-03-11T16:50:54","date_gmt":"2024-03-11T16:50:54","guid":{"rendered":"http:\/\/trebeltaler-hof.de\/wordpress\/?page_id=10"},"modified":"2025-12-03T07:18:19","modified_gmt":"2025-12-03T07:18:19","slug":"willkommen","status":"publish","type":"page","link":"https:\/\/trebeltaler-hof.de\/wordpress\/","title":{"rendered":"Herzlich Willkommen"},"content":{"rendered":"\n<p class=\"has-text-align-center has-dark-brown-color has-text-color has-background has-link-color wp-elements-a30b5ebde30636d410baaae918c1f714\" style=\"background-color:#f8b887;font-size:16px\"><strong>Zuchtst\u00e4tte f\u00fcr Gro\u00dfe Schweizer Sennenhunde<\/strong><br><strong> &#8222;vom-Trebeltaler-Hof&#8220; in Mecklenburg-Vorpommern<\/strong><\/p>\n\n\n\n<p class=\"has-text-align-center\" style=\"font-size:10px\"><strong>Wir sind Mitglied und anerkannte Zuchtst\u00e4tte im Schweizer Sennenhund-Verein e. V. (SSV) f\u00fcr Deutschland und z\u00fcchten unter dem vom VDH\/FCI national\/international gesch\u00fctzten Zwingernamen<mark style=\"background-color:rgba(0, 0, 0, 0)\" class=\"has-inline-color has-medium-pink-color\"> <\/mark>&#8222;vom Trebeltaler Hof&#8220; Gro\u00dfe Schweizer Sennenhunde<\/strong>.<\/p>\n\n\n\n<p class=\"has-text-align-center has-background\" style=\"background:radial-gradient(rgb(202,248,128) 0%,rgb(113,206,126) 100%);font-size:10px\"><strong>Zur Zeit planen wir keinen weiteren Wurf&#8230;<\/strong><\/p>\n\n\n\n<figure class=\"wp-block-gallery has-nested-images columns-default is-cropped wp-block-gallery-1 is-layout-flex wp-block-gallery-is-layout-flex\">\n<figure class=\"wp-block-image size-large\"><img loading=\"lazy\" decoding=\"async\" width=\"643\" height=\"1024\" data-id=\"700\" src=\"https:\/\/trebeltaler-hof.de\/wordpress\/wp-content\/uploads\/2025\/09\/20250726_Juli-2025neu-643x1024.jpg\" alt=\"\" class=\"wp-image-700\" srcset=\"https:\/\/trebeltaler-hof.de\/wordpress\/wp-content\/uploads\/2025\/09\/20250726_Juli-2025neu-643x1024.jpg 643w, https:\/\/trebeltaler-hof.de\/wordpress\/wp-content\/uploads\/2025\/09\/20250726_Juli-2025neu-189x300.jpg 189w, https:\/\/trebeltaler-hof.de\/wordpress\/wp-content\/uploads\/2025\/09\/20250726_Juli-2025neu-768x1222.jpg 768w, https:\/\/trebeltaler-hof.de\/wordpress\/wp-content\/uploads\/2025\/09\/20250726_Juli-2025neu-965x1536.jpg 965w, https:\/\/trebeltaler-hof.de\/wordpress\/wp-content\/uploads\/2025\/09\/20250726_Juli-2025neu-973x1548.jpg 973w, https:\/\/trebeltaler-hof.de\/wordpress\/wp-content\/uploads\/2025\/09\/20250726_Juli-2025neu-508x808.jpg 508w, https:\/\/trebeltaler-hof.de\/wordpress\/wp-content\/uploads\/2025\/09\/20250726_Juli-2025neu.jpg 1253w\" sizes=\"auto, (max-width: 643px) 100vw, 643px\" \/><figcaption class=\"wp-element-caption\"><strong>Juli 2025<\/strong><\/figcaption><\/figure>\n\n\n\n<figure class=\"wp-block-image size-large\"><img loading=\"lazy\" decoding=\"async\" width=\"660\" height=\"1024\" data-id=\"698\" src=\"https:\/\/trebeltaler-hof.de\/wordpress\/wp-content\/uploads\/2025\/09\/20250910-neu-660x1024.jpg\" alt=\"\" class=\"wp-image-698\" srcset=\"https:\/\/trebeltaler-hof.de\/wordpress\/wp-content\/uploads\/2025\/09\/20250910-neu-660x1024.jpg 660w, https:\/\/trebeltaler-hof.de\/wordpress\/wp-content\/uploads\/2025\/09\/20250910-neu-193x300.jpg 193w, https:\/\/trebeltaler-hof.de\/wordpress\/wp-content\/uploads\/2025\/09\/20250910-neu-768x1192.jpg 768w, https:\/\/trebeltaler-hof.de\/wordpress\/wp-content\/uploads\/2025\/09\/20250910-neu-990x1536.jpg 990w, https:\/\/trebeltaler-hof.de\/wordpress\/wp-content\/uploads\/2025\/09\/20250910-neu-973x1510.jpg 973w, https:\/\/trebeltaler-hof.de\/wordpress\/wp-content\/uploads\/2025\/09\/20250910-neu-508x788.jpg 508w, https:\/\/trebeltaler-hof.de\/wordpress\/wp-content\/uploads\/2025\/09\/20250910-neu.jpg 1053w\" sizes=\"auto, (max-width: 660px) 100vw, 660px\" \/><figcaption class=\"wp-element-caption\"><strong>September 2025 &#8211; 3,5 Jahre alt<\/strong><\/figcaption><\/figure>\n<\/figure>\n\n\n\n<figure class=\"wp-block-gallery has-nested-images columns-default is-cropped wp-block-gallery-2 is-layout-flex wp-block-gallery-is-layout-flex\">\n<figure class=\"wp-block-image size-large\"><img loading=\"lazy\" decoding=\"async\" width=\"500\" height=\"486\" data-id=\"726\" src=\"https:\/\/trebeltaler-hof.de\/wordpress\/wp-content\/uploads\/2025\/11\/03012025-klassenfahrt.jpg\" alt=\"\" class=\"wp-image-726\" srcset=\"https:\/\/trebeltaler-hof.de\/wordpress\/wp-content\/uploads\/2025\/11\/03012025-klassenfahrt.jpg 500w, https:\/\/trebeltaler-hof.de\/wordpress\/wp-content\/uploads\/2025\/11\/03012025-klassenfahrt-300x292.jpg 300w\" sizes=\"auto, (max-width: 500px) 100vw, 500px\" \/><figcaption class=\"wp-element-caption\"><a href=\"https:\/\/trebeltaler-hof.de\/wordpress\/a-wurf\/\" data-type=\"page\" data-id=\"53\">Klassenfahrt 1.0 &#8211; 03.Januar 2025<\/a><\/figcaption><\/figure>\n<\/figure>\n\n\n\n<figure class=\"wp-block-gallery has-nested-images columns-default is-cropped wp-block-gallery-3 is-layout-flex wp-block-gallery-is-layout-flex\">\n<figure class=\"wp-block-image size-full\"><img loading=\"lazy\" decoding=\"async\" width=\"590\" height=\"964\" data-id=\"613\" src=\"https:\/\/trebeltaler-hof.de\/wordpress\/wp-content\/uploads\/2025\/05\/20250427_135907gkopieh.jpg\" alt=\"\" class=\"wp-image-613\" srcset=\"https:\/\/trebeltaler-hof.de\/wordpress\/wp-content\/uploads\/2025\/05\/20250427_135907gkopieh.jpg 590w, https:\/\/trebeltaler-hof.de\/wordpress\/wp-content\/uploads\/2025\/05\/20250427_135907gkopieh-184x300.jpg 184w, https:\/\/trebeltaler-hof.de\/wordpress\/wp-content\/uploads\/2025\/05\/20250427_135907gkopieh-508x830.jpg 508w\" sizes=\"auto, (max-width: 590px) 100vw, 590px\" \/><figcaption class=\"wp-element-caption\"><strong>Hedy + Tochter Tally April 2025<\/strong><\/figcaption><\/figure>\n\n\n\n<figure class=\"wp-block-image size-large\"><img loading=\"lazy\" decoding=\"async\" width=\"534\" height=\"850\" data-id=\"62\" src=\"https:\/\/trebeltaler-hof.de\/wordpress\/wp-content\/uploads\/2024\/03\/20231129_Schnee.jpg\" alt=\"\" class=\"wp-image-62\" srcset=\"https:\/\/trebeltaler-hof.de\/wordpress\/wp-content\/uploads\/2024\/03\/20231129_Schnee.jpg 534w, https:\/\/trebeltaler-hof.de\/wordpress\/wp-content\/uploads\/2024\/03\/20231129_Schnee-188x300.jpg 188w\" sizes=\"auto, (max-width: 534px) 100vw, 534px\" \/><figcaption class=\"wp-element-caption\"><strong>November 2023<\/strong><\/figcaption><\/figure>\n\n\n\n<figure class=\"wp-block-image size-large\"><img loading=\"lazy\" decoding=\"async\" width=\"533\" height=\"800\" data-id=\"267\" src=\"https:\/\/trebeltaler-hof.de\/wordpress\/wp-content\/uploads\/2024\/04\/20240410_184217.jpg\" alt=\"\" class=\"wp-image-267\" srcset=\"https:\/\/trebeltaler-hof.de\/wordpress\/wp-content\/uploads\/2024\/04\/20240410_184217.jpg 533w, https:\/\/trebeltaler-hof.de\/wordpress\/wp-content\/uploads\/2024\/04\/20240410_184217-200x300.jpg 200w, https:\/\/trebeltaler-hof.de\/wordpress\/wp-content\/uploads\/2024\/04\/20240410_184217-508x762.jpg 508w\" sizes=\"auto, (max-width: 533px) 100vw, 533px\" \/><figcaption class=\"wp-element-caption\">Fr\u00fchjahr 2024<\/figcaption><\/figure>\n<\/figure>\n\n\n\n<p><\/p>\n","protected":false},"excerpt":{"rendered":"<p>Zuchtst\u00e4tte f\u00fcr Gro\u00dfe Schweizer Sennenhunde &#8222;vom-Trebeltaler-Hof&#8220; in Mecklenburg-Vorpommern Wir sind Mitglied und anerkannte Zuchtst\u00e4tte im Schweizer Sennenhund-Verein e. V. (SSV) f\u00fcr Deutschland und z\u00fcchten unter dem vom VDH\/FCI&#8230;<\/p>\n","protected":false},"author":1,"featured_media":0,"parent":0,"menu_order":0,"comment_status":"closed","ping_status":"closed","template":"","meta":{"footnotes":""},"class_list":["post-10","page","type-page","status-publish","hentry"],"jetpack_sharing_enabled":true,"_links":{"self":[{"href":"https:\/\/trebeltaler-hof.de\/wordpress\/wp-json\/wp\/v2\/pages\/10","targetHints":{"allow":["GET"]}}],"collection":[{"href":"https:\/\/trebeltaler-hof.de\/wordpress\/wp-json\/wp\/v2\/pages"}],"about":[{"href":"https:\/\/trebeltaler-hof.de\/wordpress\/wp-json\/wp\/v2\/types\/page"}],"author":[{"embeddable":true,"href":"https:\/\/trebeltaler-hof.de\/wordpress\/wp-json\/wp\/v2\/users\/1"}],"replies":[{"embeddable":true,"href":"https:\/\/trebeltaler-hof.de\/wordpress\/wp-json\/wp\/v2\/comments?post=10"}],"version-history":[{"count":133,"href":"https:\/\/trebeltaler-hof.de\/wordpress\/wp-json\/wp\/v2\/pages\/10\/revisions"}],"predecessor-version":[{"id":731,"href":"https:\/\/trebeltaler-hof.de\/wordpress\/wp-json\/wp\/v2\/pages\/10\/revisions\/731"}],"wp:attachment":[{"href":"https:\/\/trebeltaler-hof.de\/wordpress\/wp-json\/wp\/v2\/media?parent=10"}],"curies":[{"name":"wp","href":"https:\/\/api.w.org\/{rel}","templated":true}]}}