{"id":36,"date":"2024-03-12T07:41:59","date_gmt":"2024-03-12T07:41:59","guid":{"rendered":"http:\/\/trebeltaler-hof.de\/wordpress\/?page_id=36"},"modified":"2025-09-01T07:26:42","modified_gmt":"2025-09-01T07:26:42","slug":"ueber-uns","status":"publish","type":"page","link":"https:\/\/trebeltaler-hof.de\/wordpress\/ueber-uns\/","title":{"rendered":"\u00dcber uns"},"content":{"rendered":"\n<p style=\"font-size:14px\">Unser Zuhause ist da, wo Andere Urlaub machen &#8211; in Mecklenburg-Vorpommern, im Landkreis Vorpommern-R\u00fcgen.<\/p>\n\n\n\n<div class=\"wp-block-columns are-vertically-aligned-center is-layout-flex wp-container-core-columns-is-layout-9d6595d7 wp-block-columns-is-layout-flex\">\n<div class=\"wp-block-column is-vertically-aligned-center is-layout-flow wp-block-column-is-layout-flow\" style=\"flex-basis:100%\">\n<figure class=\"wp-block-gallery has-nested-images columns-default is-cropped wp-block-gallery-1 is-layout-flex wp-block-gallery-is-layout-flex\">\n<figure class=\"wp-block-image size-large\"><img loading=\"lazy\" decoding=\"async\" width=\"1024\" height=\"638\" data-id=\"64\" src=\"https:\/\/trebeltaler-hof.de\/wordpress\/wp-content\/uploads\/2024\/03\/20230312_110725-1-1024x638.jpg\" alt=\"\" class=\"wp-image-64\" srcset=\"https:\/\/trebeltaler-hof.de\/wordpress\/wp-content\/uploads\/2024\/03\/20230312_110725-1-1024x638.jpg 1024w, https:\/\/trebeltaler-hof.de\/wordpress\/wp-content\/uploads\/2024\/03\/20230312_110725-1-300x187.jpg 300w, https:\/\/trebeltaler-hof.de\/wordpress\/wp-content\/uploads\/2024\/03\/20230312_110725-1-768x478.jpg 768w, https:\/\/trebeltaler-hof.de\/wordpress\/wp-content\/uploads\/2024\/03\/20230312_110725-1-1536x956.jpg 1536w, https:\/\/trebeltaler-hof.de\/wordpress\/wp-content\/uploads\/2024\/03\/20230312_110725-1-2048x1275.jpg 2048w\" sizes=\"auto, (max-width: 1024px) 100vw, 1024px\" \/><figcaption class=\"wp-element-caption\">H\u00fcnengrab in P\u00f6glitz<\/figcaption><\/figure>\n\n\n\n<figure class=\"wp-block-image size-large\"><img loading=\"lazy\" decoding=\"async\" width=\"800\" height=\"533\" data-id=\"287\" src=\"https:\/\/trebeltaler-hof.de\/wordpress\/wp-content\/uploads\/2024\/04\/IMG-20240418-WA0025Rapsfeld.jpg\" alt=\"\" class=\"wp-image-287\" srcset=\"https:\/\/trebeltaler-hof.de\/wordpress\/wp-content\/uploads\/2024\/04\/IMG-20240418-WA0025Rapsfeld.jpg 800w, https:\/\/trebeltaler-hof.de\/wordpress\/wp-content\/uploads\/2024\/04\/IMG-20240418-WA0025Rapsfeld-300x200.jpg 300w, https:\/\/trebeltaler-hof.de\/wordpress\/wp-content\/uploads\/2024\/04\/IMG-20240418-WA0025Rapsfeld-768x512.jpg 768w, https:\/\/trebeltaler-hof.de\/wordpress\/wp-content\/uploads\/2024\/04\/IMG-20240418-WA0025Rapsfeld-508x338.jpg 508w\" sizes=\"auto, (max-width: 800px) 100vw, 800px\" \/><figcaption class=\"wp-element-caption\">Fr\u00fchling in P\u00f6glitz<\/figcaption><\/figure>\n<\/figure>\n<\/div>\n<\/div>\n\n\n\n<p style=\"font-size:14px\">Wir leben auf unserem Bauernhof in P\u00f6glitz mit unseren Pferden, H\u00fchnern, Schweinen, Mutterk\u00fchen, Katzen und unseren zwei Hunden Bella und Hedy. <\/p>\n\n\n\n<p style=\"font-size:14px\">Hunde geh\u00f6ren schon seit \u00fcber 40 Jahren zu unserem Leben und im Jahr 2021 entschieden wir uns nach langem \u00dcberlegen, Informieren und Abw\u00e4gen f\u00fcr den Gro\u00dfen Schweizer Sennenhund.<\/p>\n\n\n\n<p style=\"font-size:14px\">Da es f\u00fcr uns klar war, dass wir einen Hund aus einer seri\u00f6sen VDH-Zucht m\u00f6chten, mussten wir etwas Wartezeit in Kauf nehmen. <\/p>\n\n\n\n<p style=\"font-size:14px\">Doch das Warten hat sich gelohnt, am 15. Januar 2022 kam im sch\u00f6nen Herzogtum Lauenburg bei der <a href=\"http:\/\/www.vom-louisenhofer-land.de\/startseite\/\" target=\"_blank\" rel=\"noreferrer noopener\">Z\u00fcchterin Astrid Elvert<\/a> unsere <strong><a href=\"https:\/\/trebeltaler-hof.de\/wordpress\/zuchthuendin-hedy-vom-louisenhofer-land\/\" data-type=\"page\" data-id=\"38\">Hedy vom Louisenhofer Land<\/a><\/strong> auf die Welt.<\/p>\n\n\n\n<figure class=\"wp-block-gallery has-nested-images columns-default is-cropped wp-block-gallery-2 is-layout-flex wp-block-gallery-is-layout-flex\">\n<figure class=\"wp-block-image size-large\"><img loading=\"lazy\" decoding=\"async\" width=\"1024\" height=\"620\" data-id=\"210\" src=\"https:\/\/trebeltaler-hof.de\/wordpress\/wp-content\/uploads\/2024\/03\/20230308_090209-1-1024x620.jpg\" alt=\"\" class=\"wp-image-210\" srcset=\"https:\/\/trebeltaler-hof.de\/wordpress\/wp-content\/uploads\/2024\/03\/20230308_090209-1-1024x620.jpg 1024w, https:\/\/trebeltaler-hof.de\/wordpress\/wp-content\/uploads\/2024\/03\/20230308_090209-1-300x182.jpg 300w, https:\/\/trebeltaler-hof.de\/wordpress\/wp-content\/uploads\/2024\/03\/20230308_090209-1-768x465.jpg 768w, https:\/\/trebeltaler-hof.de\/wordpress\/wp-content\/uploads\/2024\/03\/20230308_090209-1-1536x930.jpg 1536w, https:\/\/trebeltaler-hof.de\/wordpress\/wp-content\/uploads\/2024\/03\/20230308_090209-1-2048x1240.jpg 2048w, https:\/\/trebeltaler-hof.de\/wordpress\/wp-content\/uploads\/2024\/03\/20230308_090209-1-973x589.jpg 973w, https:\/\/trebeltaler-hof.de\/wordpress\/wp-content\/uploads\/2024\/03\/20230308_090209-1-508x308.jpg 508w\" sizes=\"auto, (max-width: 1024px) 100vw, 1024px\" \/><figcaption class=\"wp-element-caption\">Unsere Pferdekoppel<\/figcaption><\/figure>\n\n\n\n<figure class=\"wp-block-image size-large\"><img loading=\"lazy\" decoding=\"async\" width=\"2560\" height=\"1920\" data-id=\"183\" src=\"https:\/\/trebeltaler-hof.de\/wordpress\/wp-content\/uploads\/2024\/03\/20230815_191458-scaled.jpg\" alt=\"\" class=\"wp-image-183\"\/><figcaption class=\"wp-element-caption\">Strohernte<\/figcaption><\/figure>\n\n\n\n<figure class=\"wp-block-image size-full\"><img loading=\"lazy\" decoding=\"async\" width=\"800\" height=\"533\" data-id=\"301\" src=\"https:\/\/trebeltaler-hof.de\/wordpress\/wp-content\/uploads\/2024\/05\/20240506_152108_klein.jpg\" alt=\"\" class=\"wp-image-301\" srcset=\"https:\/\/trebeltaler-hof.de\/wordpress\/wp-content\/uploads\/2024\/05\/20240506_152108_klein.jpg 800w, https:\/\/trebeltaler-hof.de\/wordpress\/wp-content\/uploads\/2024\/05\/20240506_152108_klein-300x200.jpg 300w, https:\/\/trebeltaler-hof.de\/wordpress\/wp-content\/uploads\/2024\/05\/20240506_152108_klein-768x512.jpg 768w, https:\/\/trebeltaler-hof.de\/wordpress\/wp-content\/uploads\/2024\/05\/20240506_152108_klein-508x338.jpg 508w\" sizes=\"auto, (max-width: 800px) 100vw, 800px\" \/><figcaption class=\"wp-element-caption\">Ein Weg zu unserem Hof<\/figcaption><\/figure>\n<\/figure>\n\n\n\n<figure class=\"wp-block-gallery has-nested-images columns-default is-cropped wp-block-gallery-3 is-layout-flex wp-block-gallery-is-layout-flex\">\n<figure class=\"wp-block-image size-large\"><img loading=\"lazy\" decoding=\"async\" width=\"200\" height=\"344\" data-id=\"129\" src=\"https:\/\/trebeltaler-hof.de\/wordpress\/wp-content\/uploads\/2024\/03\/Rahlstedt-August-2023-neu.jpg\" alt=\"\" class=\"wp-image-129\" srcset=\"https:\/\/trebeltaler-hof.de\/wordpress\/wp-content\/uploads\/2024\/03\/Rahlstedt-August-2023-neu.jpg 200w, https:\/\/trebeltaler-hof.de\/wordpress\/wp-content\/uploads\/2024\/03\/Rahlstedt-August-2023-neu-174x300.jpg 174w\" sizes=\"auto, (max-width: 200px) 100vw, 200px\" \/><figcaption class=\"wp-element-caption\">Rahlstedt 2023<\/figcaption><\/figure>\n\n\n\n<figure class=\"wp-block-image size-large\"><img loading=\"lazy\" decoding=\"async\" width=\"533\" height=\"800\" data-id=\"377\" src=\"https:\/\/trebeltaler-hof.de\/wordpress\/wp-content\/uploads\/2024\/09\/LGS-Rahlstedt-2024-zusammen.jpg\" alt=\"\" class=\"wp-image-377\" srcset=\"https:\/\/trebeltaler-hof.de\/wordpress\/wp-content\/uploads\/2024\/09\/LGS-Rahlstedt-2024-zusammen.jpg 533w, https:\/\/trebeltaler-hof.de\/wordpress\/wp-content\/uploads\/2024\/09\/LGS-Rahlstedt-2024-zusammen-200x300.jpg 200w, https:\/\/trebeltaler-hof.de\/wordpress\/wp-content\/uploads\/2024\/09\/LGS-Rahlstedt-2024-zusammen-508x762.jpg 508w\" sizes=\"auto, (max-width: 533px) 100vw, 533px\" \/><figcaption class=\"wp-element-caption\">Rahlstedt 2024<\/figcaption><\/figure>\n\n\n\n<figure class=\"wp-block-image size-large\"><img loading=\"lazy\" decoding=\"async\" width=\"563\" height=\"1024\" data-id=\"684\" src=\"https:\/\/trebeltaler-hof.de\/wordpress\/wp-content\/uploads\/2025\/09\/IMG-20250831-WA0013-563x1024.jpg\" alt=\"\" class=\"wp-image-684\" srcset=\"https:\/\/trebeltaler-hof.de\/wordpress\/wp-content\/uploads\/2025\/09\/IMG-20250831-WA0013-563x1024.jpg 563w, https:\/\/trebeltaler-hof.de\/wordpress\/wp-content\/uploads\/2025\/09\/IMG-20250831-WA0013-165x300.jpg 165w, https:\/\/trebeltaler-hof.de\/wordpress\/wp-content\/uploads\/2025\/09\/IMG-20250831-WA0013-768x1397.jpg 768w, https:\/\/trebeltaler-hof.de\/wordpress\/wp-content\/uploads\/2025\/09\/IMG-20250831-WA0013-845x1536.jpg 845w, https:\/\/trebeltaler-hof.de\/wordpress\/wp-content\/uploads\/2025\/09\/IMG-20250831-WA0013-508x924.jpg 508w, https:\/\/trebeltaler-hof.de\/wordpress\/wp-content\/uploads\/2025\/09\/IMG-20250831-WA0013.jpg 970w\" sizes=\"auto, (max-width: 563px) 100vw, 563px\" \/><figcaption class=\"wp-element-caption\">Rahlstedt 2025<\/figcaption><\/figure>\n<\/figure>\n","protected":false},"excerpt":{"rendered":"<p>Unser Zuhause ist da, wo Andere Urlaub machen &#8211; in Mecklenburg-Vorpommern, im Landkreis Vorpommern-R\u00fcgen. Wir leben auf unserem Bauernhof in P\u00f6glitz mit unseren Pferden, H\u00fchnern, Schweinen, Mutterk\u00fchen, Katzen&#8230;<\/p>\n","protected":false},"author":1,"featured_media":0,"parent":0,"menu_order":2,"comment_status":"closed","ping_status":"closed","template":"","meta":{"footnotes":""},"class_list":["post-36","page","type-page","status-publish","hentry"],"jetpack_sharing_enabled":true,"_links":{"self":[{"href":"https:\/\/trebeltaler-hof.de\/wordpress\/wp-json\/wp\/v2\/pages\/36","targetHints":{"allow":["GET"]}}],"collection":[{"href":"https:\/\/trebeltaler-hof.de\/wordpress\/wp-json\/wp\/v2\/pages"}],"about":[{"href":"https:\/\/trebeltaler-hof.de\/wordpress\/wp-json\/wp\/v2\/types\/page"}],"author":[{"embeddable":true,"href":"https:\/\/trebeltaler-hof.de\/wordpress\/wp-json\/wp\/v2\/users\/1"}],"replies":[{"embeddable":true,"href":"https:\/\/trebeltaler-hof.de\/wordpress\/wp-json\/wp\/v2\/comments?post=36"}],"version-history":[{"count":36,"href":"https:\/\/trebeltaler-hof.de\/wordpress\/wp-json\/wp\/v2\/pages\/36\/revisions"}],"predecessor-version":[{"id":685,"href":"https:\/\/trebeltaler-hof.de\/wordpress\/wp-json\/wp\/v2\/pages\/36\/revisions\/685"}],"wp:attachment":[{"href":"https:\/\/trebeltaler-hof.de\/wordpress\/wp-json\/wp\/v2\/media?parent=36"}],"curies":[{"name":"wp","href":"https:\/\/api.w.org\/{rel}","templated":true}]}}