{"id":38,"date":"2024-03-12T07:43:30","date_gmt":"2024-03-12T07:43:30","guid":{"rendered":"http:\/\/trebeltaler-hof.de\/wordpress\/?page_id=38"},"modified":"2026-01-10T09:40:23","modified_gmt":"2026-01-10T09:40:23","slug":"zuchthuendin-hedy-vom-louisenhofer-land","status":"publish","type":"page","link":"https:\/\/trebeltaler-hof.de\/wordpress\/zuchthuendin-hedy-vom-louisenhofer-land\/","title":{"rendered":"Hedy vom Louisenhofer Land"},"content":{"rendered":"\n<p style=\"font-size:12px\">Hedy wurde am 15.01.2022 im Herzogtum Lauenburg <a href=\"http:\/\/www.vom-louisenhofer-land.de\/startseite\/\" target=\"_blank\" rel=\"noreferrer noopener\">(Z\u00fcchterin: Astrid Elvert)<\/a> mit 9 Geschwistern geboren.<\/p>\n\n\n\n<figure class=\"wp-block-gallery has-nested-images columns-default is-cropped wp-block-gallery-1 is-layout-flex wp-block-gallery-is-layout-flex\">\n<figure class=\"wp-block-image size-large is-style-default\"><img loading=\"lazy\" decoding=\"async\" width=\"1024\" height=\"798\" data-id=\"651\" src=\"https:\/\/trebeltaler-hof.de\/wordpress\/wp-content\/uploads\/2025\/08\/20250718_182828-1-1024x798.jpg\" alt=\"\" class=\"wp-image-651\"\/><figcaption class=\"wp-element-caption\"><strong>Juli 2025 &#8211; 3,5 Jahre jung<\/strong><\/figcaption><\/figure>\n<\/figure>\n\n\n\n<p style=\"font-size:12px\">Am 16.09.2023 hat Hedy die Zuchttauglichkeitspr\u00fcfung vom Schweizer Sennenhund-Verein f\u00fcr Deutschland e.V. ohne Zuchteinschr\u00e4nkung bestanden und ist somit f\u00fcr die Zucht im Verein und VDH angek\u00f6rt und zugelassen. <\/p>\n\n\n\n<p style=\"font-size:12px\">Leider hat unsere Hedy die zweite vorgeschriebene Augenuntersuchung f\u00fcr die Zuchtzulassung beim SSV e.V. nicht bestanden und steht somit f\u00fcr die weitere Zucht nicht mehr zur Verf\u00fcgung.<\/p>\n\n\n\n<p style=\"font-size:12px\">Hedy ist eine sehr freundliche, sichere, ruhige, gelassene und aufgeschlossene H\u00fcndin, die uns im Leben \u00fcberall hin begleitet. Artgenossen und auch anderen &#8222;Lebewesen&#8220; gegen\u00fcber ist sie sehr sozial und vertr\u00e4glich. Desweiteren hat sie ein gesundes Territorialverhalten, alles in Allem: Ihr Wesen entspricht dem typischen Gro\u00dfen Schweizer Sennenhund und das m\u00f6chten wir gerne in die weitere Zucht dieser Rasse einbringen.<\/p>\n\n\n\n<p class=\"has-medium-font-size\"><strong>Gesundheitsdaten\/Untersuchungsbefunde:<\/strong><\/p>\n\n\n\n<ul class=\"wp-block-list\">\n<li style=\"font-size:12px\">Gr\u00f6\u00dfe: 65 cm<\/li>\n\n\n\n<li style=\"font-size:12px\">Gewicht: 48 kg<\/li>\n\n\n\n<li style=\"font-size:12px\">HD B<\/li>\n\n\n\n<li style=\"font-size:12px\">ED 0<\/li>\n\n\n\n<li style=\"font-size:12px\">OCD frei<\/li>\n\n\n\n<li style=\"font-size:12px\">Degenerative Myelopathie N\/N<\/li>\n\n\n\n<li style=\"font-size:12px\">Hyperurikosurie N\/N<\/li>\n\n\n\n<li style=\"font-size:12px\">D-Lokus D1 N\/N<\/li>\n\n\n\n<li style=\"font-size:12px\">Maligne Hyperthermie (MH) N\/N<\/li>\n\n\n\n<li style=\"font-size:12px\">Postoperative Blutung (P2Y12) N\/N<\/li>\n\n\n\n<li style=\"font-size:12px\">Augen &#8211; frei von erblichen\/vermutlich erblichen Augenerkrankungen (18.07.2023)<\/li>\n<\/ul>\n\n\n\n<p><strong>Ausstellungsergebnisse:<\/strong> <\/p>\n\n\n\n<ul class=\"wp-block-list\">\n<li style=\"font-size:12px\"><strong>Hedy wurde am 7. Oktober 2025 vom VDH mit dem Titel &#8222;Deutscher Champion (VDH)&#8220; ausgezeichnet<\/strong><\/li>\n\n\n\n<li style=\"font-size:12px\">23. Internationale Rassehundeausstellung Rostock 05.10.2025 &#8211; Offene Klasse V1 (BOB, Anw.Dt.Ch.VDH, CAC SSV, FCI-CACIB) Sieger Rostock<\/li>\n\n\n\n<li style=\"font-size:12px\">22. Internationale Rassehundeausstellung Rostock 04.10.2025 &#8211; Offene Klasse V1 (BOB, Anw.Dt.Ch.VDH, CAC SSV, FCI-CACIB) Sieger Rostock<\/li>\n\n\n\n<li style=\"font-size:12px\">Landesgruppenausstellung Nord 31.08.2025 &#8211; Offene Klasse V1 (Anw.Dt.Ch.VDH)<\/li>\n\n\n\n<li style=\"font-size:12px\">Landesgruppenausstellung BBMV 11.05.2025 &#8211; Offene Klasse V2 (Res.Anw.Dt.Ch.VDH und Res. CAC SSV)<\/li>\n\n\n\n<li style=\"font-size:12px\">Landesgruppenausstellung Nord 01.09.2024 &#8211; Offene Klasse: V1 (Anw.Dt.Ch.VDH, Res.CAC\/SSV)<\/li>\n\n\n\n<li style=\"font-size:12px\">20. IRA Rostock 30.09.2023 &#8211; Zwischenklasse: V1 (FCI-CACIB, Anw.Dt.Ch.VDH, CAC) Zuerkennung: Sieger Rostock<\/li>\n\n\n\n<li style=\"font-size:12px\">Landesgruppeausstellung 08.06.2025 &#8211; Offene Klasse V2 (Res.-Anw.Dt.Ch.VDH)<\/li>\n\n\n\n<li style=\"font-size:12px\">Landesgruppenausstellung 27.08.2023 &#8211; Zwischenklasse: V2 (Res.-Anw.Dt.Ch.VDH)<\/li>\n\n\n\n<li style=\"font-size:12px\">Landesgruppenausstellung 18.06.2023 &#8211; Zwischenklasse: V1 (Anw. CAC VDH)<\/li>\n\n\n\n<li style=\"font-size:12px\">Einzelbegutachtung 29.01.2023 &#8211; Jugendklasse: V<\/li>\n\n\n\n<li style=\"font-size:12px\">Landesgruppenschau Nord 04.09.2022 &#8211; J\u00fcngstenklasse: vv2<\/li>\n\n\n\n<li style=\"font-size:12px\">Landesgruppenschau BBMV 22.05.2022 &#8211; Babyklasse: vv1<\/li>\n<\/ul>\n\n\n\n<figure class=\"wp-block-gallery has-nested-images columns-default is-cropped wp-block-gallery-2 is-layout-flex wp-block-gallery-is-layout-flex\">\n<figure class=\"wp-block-image size-large\"><img loading=\"lazy\" decoding=\"async\" width=\"1024\" height=\"768\" data-id=\"100\" src=\"https:\/\/trebeltaler-hof.de\/wordpress\/wp-content\/uploads\/2024\/03\/IMG-20220303-WA0012-1024x768.jpg\" alt=\"\" class=\"wp-image-100\" srcset=\"https:\/\/trebeltaler-hof.de\/wordpress\/wp-content\/uploads\/2024\/03\/IMG-20220303-WA0012-1024x768.jpg 1024w, https:\/\/trebeltaler-hof.de\/wordpress\/wp-content\/uploads\/2024\/03\/IMG-20220303-WA0012-300x225.jpg 300w, https:\/\/trebeltaler-hof.de\/wordpress\/wp-content\/uploads\/2024\/03\/IMG-20220303-WA0012-768x576.jpg 768w, https:\/\/trebeltaler-hof.de\/wordpress\/wp-content\/uploads\/2024\/03\/IMG-20220303-WA0012-1536x1152.jpg 1536w, https:\/\/trebeltaler-hof.de\/wordpress\/wp-content\/uploads\/2024\/03\/IMG-20220303-WA0012.jpg 1600w\" sizes=\"auto, (max-width: 1024px) 100vw, 1024px\" \/><figcaption class=\"wp-element-caption\">Hedy 7 Wochen alt<\/figcaption><\/figure>\n\n\n\n<figure class=\"wp-block-image size-large\"><img loading=\"lazy\" decoding=\"async\" width=\"678\" height=\"1024\" data-id=\"97\" src=\"https:\/\/trebeltaler-hof.de\/wordpress\/wp-content\/uploads\/2024\/03\/IMG-20220321-WA0003-678x1024.jpg\" alt=\"\" class=\"wp-image-97\" srcset=\"https:\/\/trebeltaler-hof.de\/wordpress\/wp-content\/uploads\/2024\/03\/IMG-20220321-WA0003-678x1024.jpg 678w, https:\/\/trebeltaler-hof.de\/wordpress\/wp-content\/uploads\/2024\/03\/IMG-20220321-WA0003-199x300.jpg 199w, https:\/\/trebeltaler-hof.de\/wordpress\/wp-content\/uploads\/2024\/03\/IMG-20220321-WA0003-768x1160.jpg 768w, https:\/\/trebeltaler-hof.de\/wordpress\/wp-content\/uploads\/2024\/03\/IMG-20220321-WA0003-1017x1536.jpg 1017w, https:\/\/trebeltaler-hof.de\/wordpress\/wp-content\/uploads\/2024\/03\/IMG-20220321-WA0003.jpg 1172w\" sizes=\"auto, (max-width: 678px) 100vw, 678px\" \/><figcaption class=\"wp-element-caption\">ca 10 Wochen<\/figcaption><\/figure>\n\n\n\n<figure class=\"wp-block-image size-large\"><img loading=\"lazy\" decoding=\"async\" width=\"876\" height=\"904\" data-id=\"99\" src=\"https:\/\/trebeltaler-hof.de\/wordpress\/wp-content\/uploads\/2024\/03\/IMG-20220417-WA0030.jpg\" alt=\"\" class=\"wp-image-99\" srcset=\"https:\/\/trebeltaler-hof.de\/wordpress\/wp-content\/uploads\/2024\/03\/IMG-20220417-WA0030.jpg 876w, https:\/\/trebeltaler-hof.de\/wordpress\/wp-content\/uploads\/2024\/03\/IMG-20220417-WA0030-291x300.jpg 291w, https:\/\/trebeltaler-hof.de\/wordpress\/wp-content\/uploads\/2024\/03\/IMG-20220417-WA0030-768x793.jpg 768w\" sizes=\"auto, (max-width: 876px) 100vw, 876px\" \/><figcaption class=\"wp-element-caption\">3,5 Monate alt<\/figcaption><\/figure>\n<\/figure>\n\n\n\n<figure class=\"wp-block-gallery has-nested-images columns-default is-cropped wp-block-gallery-3 is-layout-flex wp-block-gallery-is-layout-flex\">\n<figure class=\"wp-block-image size-full\"><img loading=\"lazy\" decoding=\"async\" width=\"410\" height=\"800\" data-id=\"15\" src=\"https:\/\/trebeltaler-hof.de\/wordpress\/wp-content\/uploads\/2024\/03\/20220521_150920.jpg\" alt=\"\" class=\"wp-image-15\" srcset=\"https:\/\/trebeltaler-hof.de\/wordpress\/wp-content\/uploads\/2024\/03\/20220521_150920.jpg 410w, https:\/\/trebeltaler-hof.de\/wordpress\/wp-content\/uploads\/2024\/03\/20220521_150920-154x300.jpg 154w\" sizes=\"auto, (max-width: 410px) 100vw, 410px\" \/><figcaption class=\"wp-element-caption\">5 Monate<\/figcaption><\/figure>\n\n\n\n<figure class=\"wp-block-image size-large\"><img loading=\"lazy\" decoding=\"async\" width=\"641\" height=\"1024\" data-id=\"98\" src=\"https:\/\/trebeltaler-hof.de\/wordpress\/wp-content\/uploads\/2024\/03\/IMG-20221031-WA0012-641x1024.jpg\" alt=\"\" class=\"wp-image-98\"\/><figcaption class=\"wp-element-caption\">9 Monate<\/figcaption><\/figure>\n<\/figure>\n\n\n\n<figure class=\"wp-block-gallery has-nested-images columns-default is-cropped wp-block-gallery-4 is-layout-flex wp-block-gallery-is-layout-flex\">\n<figure class=\"wp-block-image size-large\"><img loading=\"lazy\" decoding=\"async\" width=\"1024\" height=\"779\" data-id=\"252\" src=\"https:\/\/trebeltaler-hof.de\/wordpress\/wp-content\/uploads\/2024\/03\/20240325_stand-1024x779.jpg\" alt=\"\" class=\"wp-image-252\" srcset=\"https:\/\/trebeltaler-hof.de\/wordpress\/wp-content\/uploads\/2024\/03\/20240325_stand-1024x779.jpg 1024w, https:\/\/trebeltaler-hof.de\/wordpress\/wp-content\/uploads\/2024\/03\/20240325_stand-300x228.jpg 300w, https:\/\/trebeltaler-hof.de\/wordpress\/wp-content\/uploads\/2024\/03\/20240325_stand-768x585.jpg 768w, https:\/\/trebeltaler-hof.de\/wordpress\/wp-content\/uploads\/2024\/03\/20240325_stand-1536x1169.jpg 1536w, https:\/\/trebeltaler-hof.de\/wordpress\/wp-content\/uploads\/2024\/03\/20240325_stand-2048x1559.jpg 2048w, https:\/\/trebeltaler-hof.de\/wordpress\/wp-content\/uploads\/2024\/03\/20240325_stand-973x741.jpg 973w, https:\/\/trebeltaler-hof.de\/wordpress\/wp-content\/uploads\/2024\/03\/20240325_stand-508x387.jpg 508w\" sizes=\"auto, (max-width: 1024px) 100vw, 1024px\" \/><figcaption class=\"wp-element-caption\">Hedy &#8211; 2 Jahre alt (M\u00e4rz 2024)<\/figcaption><\/figure>\n\n\n\n<figure class=\"wp-block-image size-large\"><img loading=\"lazy\" decoding=\"async\" width=\"800\" height=\"533\" data-id=\"326\" src=\"https:\/\/trebeltaler-hof.de\/wordpress\/wp-content\/uploads\/2024\/05\/20240523_081236_bearbeitet.jpg\" alt=\"\" class=\"wp-image-326\" srcset=\"https:\/\/trebeltaler-hof.de\/wordpress\/wp-content\/uploads\/2024\/05\/20240523_081236_bearbeitet.jpg 800w, https:\/\/trebeltaler-hof.de\/wordpress\/wp-content\/uploads\/2024\/05\/20240523_081236_bearbeitet-300x200.jpg 300w, https:\/\/trebeltaler-hof.de\/wordpress\/wp-content\/uploads\/2024\/05\/20240523_081236_bearbeitet-768x512.jpg 768w, https:\/\/trebeltaler-hof.de\/wordpress\/wp-content\/uploads\/2024\/05\/20240523_081236_bearbeitet-508x338.jpg 508w\" sizes=\"auto, (max-width: 800px) 100vw, 800px\" \/><figcaption class=\"wp-element-caption\">Hedy liebt die Katzen<\/figcaption><\/figure>\n<\/figure>\n\n\n\n<figure class=\"wp-block-gallery has-nested-images columns-default is-cropped wp-block-gallery-5 is-layout-flex wp-block-gallery-is-layout-flex\">\n<figure class=\"wp-block-image size-large\"><img loading=\"lazy\" decoding=\"async\" width=\"533\" height=\"800\" data-id=\"279\" src=\"https:\/\/trebeltaler-hof.de\/wordpress\/wp-content\/uploads\/2024\/04\/20240417_160308k.jpg\" alt=\"\" class=\"wp-image-279\" srcset=\"https:\/\/trebeltaler-hof.de\/wordpress\/wp-content\/uploads\/2024\/04\/20240417_160308k.jpg 533w, https:\/\/trebeltaler-hof.de\/wordpress\/wp-content\/uploads\/2024\/04\/20240417_160308k-200x300.jpg 200w, https:\/\/trebeltaler-hof.de\/wordpress\/wp-content\/uploads\/2024\/04\/20240417_160308k-508x762.jpg 508w\" sizes=\"auto, (max-width: 533px) 100vw, 533px\" \/><figcaption class=\"wp-element-caption\">Hedy 27 Monate alt<\/figcaption><\/figure>\n\n\n\n<figure class=\"wp-block-image size-large\"><img loading=\"lazy\" decoding=\"async\" width=\"768\" height=\"1024\" data-id=\"328\" src=\"https:\/\/trebeltaler-hof.de\/wordpress\/wp-content\/uploads\/2024\/05\/Hedy-Lupinen-24052024-768x1024.jpg\" alt=\"\" class=\"wp-image-328\" srcset=\"https:\/\/trebeltaler-hof.de\/wordpress\/wp-content\/uploads\/2024\/05\/Hedy-Lupinen-24052024-768x1024.jpg 768w, https:\/\/trebeltaler-hof.de\/wordpress\/wp-content\/uploads\/2024\/05\/Hedy-Lupinen-24052024-225x300.jpg 225w, https:\/\/trebeltaler-hof.de\/wordpress\/wp-content\/uploads\/2024\/05\/Hedy-Lupinen-24052024-1152x1536.jpg 1152w, https:\/\/trebeltaler-hof.de\/wordpress\/wp-content\/uploads\/2024\/05\/Hedy-Lupinen-24052024-973x1297.jpg 973w, https:\/\/trebeltaler-hof.de\/wordpress\/wp-content\/uploads\/2024\/05\/Hedy-Lupinen-24052024-508x677.jpg 508w, https:\/\/trebeltaler-hof.de\/wordpress\/wp-content\/uploads\/2024\/05\/Hedy-Lupinen-24052024.jpg 1200w\" sizes=\"auto, (max-width: 768px) 100vw, 768px\" \/><figcaption class=\"wp-element-caption\">Ende Mai 2024<\/figcaption><\/figure>\n\n\n\n<figure class=\"wp-block-image size-large\"><img loading=\"lazy\" decoding=\"async\" width=\"534\" height=\"800\" data-id=\"339\" src=\"https:\/\/trebeltaler-hof.de\/wordpress\/wp-content\/uploads\/2024\/06\/20240607_172816be.jpg\" alt=\"\" class=\"wp-image-339\" srcset=\"https:\/\/trebeltaler-hof.de\/wordpress\/wp-content\/uploads\/2024\/06\/20240607_172816be.jpg 534w, https:\/\/trebeltaler-hof.de\/wordpress\/wp-content\/uploads\/2024\/06\/20240607_172816be-200x300.jpg 200w, https:\/\/trebeltaler-hof.de\/wordpress\/wp-content\/uploads\/2024\/06\/20240607_172816be-508x761.jpg 508w\" sizes=\"auto, (max-width: 534px) 100vw, 534px\" \/><figcaption class=\"wp-element-caption\">Juni 2024<\/figcaption><\/figure>\n<\/figure>\n","protected":false},"excerpt":{"rendered":"<p>Hedy wurde am 15.01.2022 im Herzogtum Lauenburg (Z\u00fcchterin: Astrid Elvert) mit 9 Geschwistern geboren. Am 16.09.2023 hat Hedy die Zuchttauglichkeitspr\u00fcfung vom Schweizer Sennenhund-Verein f\u00fcr Deutschland e.V. ohne Zuchteinschr\u00e4nkung&#8230;<\/p>\n","protected":false},"author":1,"featured_media":0,"parent":0,"menu_order":0,"comment_status":"closed","ping_status":"closed","template":"","meta":{"footnotes":""},"class_list":["post-38","page","type-page","status-publish","hentry"],"jetpack_sharing_enabled":true,"_links":{"self":[{"href":"https:\/\/trebeltaler-hof.de\/wordpress\/wp-json\/wp\/v2\/pages\/38","targetHints":{"allow":["GET"]}}],"collection":[{"href":"https:\/\/trebeltaler-hof.de\/wordpress\/wp-json\/wp\/v2\/pages"}],"about":[{"href":"https:\/\/trebeltaler-hof.de\/wordpress\/wp-json\/wp\/v2\/types\/page"}],"author":[{"embeddable":true,"href":"https:\/\/trebeltaler-hof.de\/wordpress\/wp-json\/wp\/v2\/users\/1"}],"replies":[{"embeddable":true,"href":"https:\/\/trebeltaler-hof.de\/wordpress\/wp-json\/wp\/v2\/comments?post=38"}],"version-history":[{"count":56,"href":"https:\/\/trebeltaler-hof.de\/wordpress\/wp-json\/wp\/v2\/pages\/38\/revisions"}],"predecessor-version":[{"id":734,"href":"https:\/\/trebeltaler-hof.de\/wordpress\/wp-json\/wp\/v2\/pages\/38\/revisions\/734"}],"wp:attachment":[{"href":"https:\/\/trebeltaler-hof.de\/wordpress\/wp-json\/wp\/v2\/media?parent=38"}],"curies":[{"name":"wp","href":"https:\/\/api.w.org\/{rel}","templated":true}]}}